{"id":1018,"date":"2018-10-27T23:44:35","date_gmt":"2018-10-27T22:44:35","guid":{"rendered":"https:\/\/www.signaletique-image-design.com\/?page_id=1018"},"modified":"2020-05-02T17:24:30","modified_gmt":"2020-05-02T16:24:30","slug":"nos-creations","status":"publish","type":"page","link":"https:\/\/www.signaletique-image-design.com\/?page_id=1018","title":{"rendered":"NOS CR\u00c9ATIONS"},"content":{"rendered":"<h2 style=\"text-align: center;\"><em><strong>Quelques cr\u00e9ations en sublimation 100% personnalis\u00e9es <\/strong><\/em><strong>fabrication Fran\u00e7aise <img loading=\"lazy\" class=\"alignnone size-full wp-image-1075\" src=\"https:\/\/www.signaletique-image-design.com\/wp-content\/uploads\/2018\/10\/made-in-france.png\" alt=\"made in france\" width=\"154\" height=\"65\" \/><\/strong><\/h2>\n<p><img loading=\"lazy\" class=\"wp-image-503 size-full alignleft\" src=\"https:\/\/www.signaletique-image-design.com\/wp-content\/uploads\/2016\/05\/teeshirt-thunderbird-e1588433404709.jpeg\" alt=\"teeshirt thunderbird\" width=\"300\" height=\"310\" \/>\u00a0 \u00a0 <img loading=\"lazy\" class=\"wp-image-502 size-full alignright\" src=\"https:\/\/www.signaletique-image-design.com\/wp-content\/uploads\/2016\/05\/teeshirt-camo-dreamcatch-e1588433564249.jpeg\" alt=\"teeshirt camo dreamcatch\" width=\"400\" height=\"300\" \/><\/p>\n<p>&nbsp;<\/p>\n<p>&nbsp;<\/p>\n<p>&nbsp;<\/p>\n<p>&nbsp;<\/p>\n<p>&nbsp;<\/p>\n<p>&nbsp;<\/p>\n<p>&nbsp;<\/p>\n<p><img loading=\"lazy\" class=\"wp-image-1182 alignright\" src=\"https:\/\/www.signaletique-image-design.com\/wp-content\/uploads\/2020\/02\/arc_argentine-850x1024.jpeg\" alt=\"arc_argentine\" width=\"315\" height=\"379\" \/><\/p>\n<p>&nbsp;<\/p>\n<p><img loading=\"lazy\" class=\"wp-image-393 size-full alignleft\" src=\"https:\/\/www.signaletique-image-design.com\/wp-content\/uploads\/2016\/02\/tee-shirt-sublime\u0301-100-e1588434453513.jpg\" alt=\"tee-shirt sublime\u0301 100%\" width=\"400\" height=\"300\" \/><\/p>\n<p>&nbsp;<\/p>\n<p>&nbsp;<\/p>\n<p>&nbsp;<\/p>\n<p>&nbsp;<\/p>\n<p>&nbsp;<\/p>\n<p>&nbsp;<\/p>\n<p>&nbsp;<\/p>\n<p>&nbsp;<\/p>\n<p>&nbsp;<\/p>\n<p><img loading=\"lazy\" class=\"wp-image-1403 alignleft\" src=\"https:\/\/www.signaletique-image-design.com\/wp-content\/uploads\/2018\/10\/maillot-ranger-pique\u0301-220Gr.jpg\" alt=\"maillot ranger pique\u0301 220Gr\" width=\"418\" height=\"313\" \/><\/p>\n<p><img loading=\"lazy\" class=\"alignright wp-image-1146 \" src=\"https:\/\/www.signaletique-image-design.com\/wp-content\/uploads\/2018\/04\/oriflamme_Carnoux-1024x768.jpg\" alt=\"OLYMPUS DIGITAL CAMERA\" width=\"401\" height=\"301\" \/><\/p>\n<p>&nbsp;<\/p>\n<p>&nbsp;<\/p>\n<p>&nbsp;<\/p>\n<p>&nbsp;<\/p>\n<p>&nbsp;<\/p>\n<p>&nbsp;<\/p>\n<p>&nbsp;<\/p>\n<p>&nbsp;<\/p>\n<p>&nbsp;<\/p>\n<p><img loading=\"lazy\" class=\"wp-image-1404 size-medium alignright\" src=\"https:\/\/www.signaletique-image-design.com\/wp-content\/uploads\/2018\/10\/Polo-sublime\u0301-e1588435768131-225x300.jpg\" alt=\"Polo sublime\u0301\" width=\"225\" height=\"300\" \/> <img loading=\"lazy\" class=\"size-large wp-image-1405 alignleft\" src=\"https:\/\/www.signaletique-image-design.com\/wp-content\/uploads\/2018\/10\/sublimation-textile.jpg\" alt=\"sublimation textile\" width=\"640\" height=\"316\" srcset=\"https:\/\/www.signaletique-image-design.com\/wp-content\/uploads\/2018\/10\/sublimation-textile.jpg 720w, https:\/\/www.signaletique-image-design.com\/wp-content\/uploads\/2018\/10\/sublimation-textile-300x148.jpg 300w, https:\/\/www.signaletique-image-design.com\/wp-content\/uploads\/2018\/10\/sublimation-textile-350x173.jpg 350w, https:\/\/www.signaletique-image-design.com\/wp-content\/uploads\/2018\/10\/sublimation-textile-700x345.jpg 700w\" sizes=\"(max-width: 640px) 100vw, 640px\" \/><\/p>\n<p>&nbsp;<\/p>\n<p>&nbsp;<\/p>\n<p>&nbsp;<\/p>\n<p>&nbsp;<\/p>\n<p>&nbsp;<\/p>\n<p>&nbsp;<\/p>\n<p>&nbsp;<\/p>\n<p>&nbsp;<\/p>\n<p>&nbsp;<\/p>\n<p><img loading=\"lazy\" class=\" wp-image-1410 alignleft\" src=\"https:\/\/www.signaletique-image-design.com\/wp-content\/uploads\/2018\/10\/combinaison-aviron-personnalise\u0301e-576x1024.png\" alt=\"combinaison aviron personnalise\u0301e\" width=\"326\" height=\"580\" \/>\u00a0 <img loading=\"lazy\" class=\" wp-image-1409 alignright\" src=\"https:\/\/www.signaletique-image-design.com\/wp-content\/uploads\/2018\/10\/combi-aviron-en-195Gr-576x1024.png\" alt=\"combi aviron en 195Gr\" width=\"322\" height=\"572\" srcset=\"https:\/\/www.signaletique-image-design.com\/wp-content\/uploads\/2018\/10\/combi-aviron-en-195Gr-576x1024.png 576w, https:\/\/www.signaletique-image-design.com\/wp-content\/uploads\/2018\/10\/combi-aviron-en-195Gr-169x300.png 169w, https:\/\/www.signaletique-image-design.com\/wp-content\/uploads\/2018\/10\/combi-aviron-en-195Gr-350x622.png 350w, https:\/\/www.signaletique-image-design.com\/wp-content\/uploads\/2018\/10\/combi-aviron-en-195Gr-700x1244.png 700w, https:\/\/www.signaletique-image-design.com\/wp-content\/uploads\/2018\/10\/combi-aviron-en-195Gr.png 720w\" sizes=\"(max-width: 322px) 100vw, 322px\" \/><\/p>\n<p>&nbsp;<\/p>\n<p>&nbsp;<\/p>\n<p>&nbsp;<\/p>\n<p>&nbsp;<\/p>\n<p>&nbsp;<\/p>\n<p>&nbsp;<\/p>\n<p>&nbsp;<\/p>\n<h2 style=\"text-align: center;\"><\/h2>\n<h2 style=\"text-align: center;\"><\/h2>\n","protected":false},"excerpt":{"rendered":"<p>Quelques cr\u00e9ations en sublimation 100% personnalis\u00e9es fabrication Fran\u00e7aise \u00a0 \u00a0 &nbsp; &nbsp; &nbsp; &nbsp; &nbsp; &nbsp; &nbsp; &nbsp; &nbsp; &nbsp;&hellip;<\/p>\n","protected":false},"author":2,"featured_media":0,"parent":0,"menu_order":0,"comment_status":"closed","ping_status":"closed","template":"","meta":[],"_links":{"self":[{"href":"https:\/\/www.signaletique-image-design.com\/index.php?rest_route=\/wp\/v2\/pages\/1018"}],"collection":[{"href":"https:\/\/www.signaletique-image-design.com\/index.php?rest_route=\/wp\/v2\/pages"}],"about":[{"href":"https:\/\/www.signaletique-image-design.com\/index.php?rest_route=\/wp\/v2\/types\/page"}],"author":[{"embeddable":true,"href":"https:\/\/www.signaletique-image-design.com\/index.php?rest_route=\/wp\/v2\/users\/2"}],"replies":[{"embeddable":true,"href":"https:\/\/www.signaletique-image-design.com\/index.php?rest_route=%2Fwp%2Fv2%2Fcomments&post=1018"}],"version-history":[{"count":0,"href":"https:\/\/www.signaletique-image-design.com\/index.php?rest_route=\/wp\/v2\/pages\/1018\/revisions"}],"wp:attachment":[{"href":"https:\/\/www.signaletique-image-design.com\/index.php?rest_route=%2Fwp%2Fv2%2Fmedia&parent=1018"}],"curies":[{"name":"wp","href":"https:\/\/api.w.org\/{rel}","templated":true}]}}