{"id":1291,"date":"2020-05-01T22:42:07","date_gmt":"2020-05-01T21:42:07","guid":{"rendered":"https:\/\/www.signaletique-image-design.com\/?page_id=1291"},"modified":"2022-05-12T11:13:45","modified_gmt":"2022-05-12T09:13:45","slug":"la-signaletique","status":"publish","type":"page","link":"https:\/\/www.signaletique-image-design.com\/?page_id=1291","title":{"rendered":"LA SIGNAL\u00c9TIQUE."},"content":{"rendered":"<hr \/>\n<p style=\"text-align: center;\"><strong><em>La SIGNAL\u00c9TIQUE de STAND\u00a0 \u00a0 \u00a0 \u00a0 La SIGNAL\u00c9TIQUE RIGIDE \u00a0 \u00a0 \u00a0 \u00a0 La PLV\u00a0\u00a0\u00a0\u00a0\u00a0\u00a0\u00a0\u00a0\u00a0 La SIGNAL\u00c9TIQUE SOUPLE<\/em><\/strong><\/p>\n<p style=\"text-align: center;\"><em><strong><a href=\"https:\/\/www.signaletique-image-design.com\/?page_id=679\" target=\"_blank\" rel=\"noopener\">TOTEM<\/a>\u00a0\u00a0\u00a0\u00a0\u00a0 <a href=\"https:\/\/www.signaletique-image-design.com\/?page_id=406\" target=\"_blank\" rel=\"noopener\">ORIFLAMME<\/a>\u00a0\u00a0\u00a0\u00a0\u00a0 <a href=\"https:\/\/www.signaletique-image-design.com\/?page_id=460\" target=\"_blank\" rel=\"noopener\">ROLL-UP<\/a>\u00a0\u00a0\u00a0\u00a0\u00a0 <a href=\"https:\/\/www.signaletique-image-design.com\/?page_id=462\" target=\"_blank\" rel=\"noopener\">KAKEMONO<\/a><\/strong><\/em><\/p>\n<h2 style=\"text-align: center;\"><strong><a href=\"https:\/\/www.signaletique-image-design.com\/?page_id=1804\" rel=\"\">Le Catalogue<\/a> \u00a0\u00a0\u00a0 <a href=\"https:\/\/www.signaletique-image-design.com\/?page_id=1738\">Les Packs<\/a><\/strong><\/h2>\n<div>\n<hr \/>\n<\/div>\n<div><\/div>\n<div>\n<h4 style=\"text-align: center;\">Nous r\u00e9alisons tout travaux de signal\u00e9tique, Enseignes &#8211; Totems &#8211; Oriflammes &#8211; Banderoles sur PVC ou Textiles &#8211; Impression sur Dibon ( alu ), Akilux ( PVC alv\u00e9ol\u00e9 ), Plexi,- Signal\u00e9tique sur v\u00e9hicules, magn\u00e9tique, PVC &#8211; Signal\u00e9tique int\u00e9rieure des locaux &#8211; Plaques de portes &#8211; Pictogrammes pour l&#8217;accessibilit\u00e9 Handicap\u00e9s &#8230;..<\/h4>\n<\/div>\n<p style=\"text-align: center;\"><span style=\"color: #0000ff;\"><em><strong>Liste non exhaustive, sourcing \u00e0 la demande, n&#8217;h\u00e9sitez pas \u00e0 nous contacter<\/strong><\/em><\/span><\/p>\n<p style=\"text-align: center;\"><a href=\"https:\/\/www.signaletique-image-design.com\/?page_id=58\" target=\"_blank\" rel=\"noopener\"><img loading=\"lazy\" class=\"alignnone wp-image-1235 size-full\" src=\"https:\/\/www.signaletique-image-design.com\/wp-content\/uploads\/2020\/05\/contact2.jpg\" alt=\"contact2\" width=\"346\" height=\"346\" \/><\/a><\/p>\n<div><\/div>\n","protected":false},"excerpt":{"rendered":"<p>La SIGNAL\u00c9TIQUE de STAND\u00a0 \u00a0 \u00a0 \u00a0 La SIGNAL\u00c9TIQUE RIGIDE \u00a0 \u00a0 \u00a0 \u00a0 La PLV\u00a0\u00a0\u00a0\u00a0\u00a0\u00a0\u00a0\u00a0\u00a0 La SIGNAL\u00c9TIQUE SOUPLE TOTEM\u00a0\u00a0\u00a0\u00a0\u00a0&hellip;<\/p>\n","protected":false},"author":2,"featured_media":0,"parent":0,"menu_order":0,"comment_status":"closed","ping_status":"closed","template":"","meta":[],"_links":{"self":[{"href":"https:\/\/www.signaletique-image-design.com\/index.php?rest_route=\/wp\/v2\/pages\/1291"}],"collection":[{"href":"https:\/\/www.signaletique-image-design.com\/index.php?rest_route=\/wp\/v2\/pages"}],"about":[{"href":"https:\/\/www.signaletique-image-design.com\/index.php?rest_route=\/wp\/v2\/types\/page"}],"author":[{"embeddable":true,"href":"https:\/\/www.signaletique-image-design.com\/index.php?rest_route=\/wp\/v2\/users\/2"}],"replies":[{"embeddable":true,"href":"https:\/\/www.signaletique-image-design.com\/index.php?rest_route=%2Fwp%2Fv2%2Fcomments&post=1291"}],"version-history":[{"count":1,"href":"https:\/\/www.signaletique-image-design.com\/index.php?rest_route=\/wp\/v2\/pages\/1291\/revisions"}],"predecessor-version":[{"id":2042,"href":"https:\/\/www.signaletique-image-design.com\/index.php?rest_route=\/wp\/v2\/pages\/1291\/revisions\/2042"}],"wp:attachment":[{"href":"https:\/\/www.signaletique-image-design.com\/index.php?rest_route=%2Fwp%2Fv2%2Fmedia&parent=1291"}],"curies":[{"name":"wp","href":"https:\/\/api.w.org\/{rel}","templated":true}]}}