{"id":1432,"date":"2020-05-03T12:54:36","date_gmt":"2020-05-03T11:54:36","guid":{"rendered":"https:\/\/www.signaletique-image-design.com\/?page_id=1432"},"modified":"2020-05-04T01:11:41","modified_gmt":"2020-05-04T00:11:41","slug":"ingrid","status":"publish","type":"page","link":"https:\/\/www.signaletique-image-design.com\/?page_id=1432","title":{"rendered":"Ingrid"},"content":{"rendered":"<h4 style=\"text-align: center;\">De tout temps passionn\u00e9e par la d\u00e9coration d\u2019int\u00e9rieur, elle a ouvert un atelier\u00a0 \u00e0 Brignoles dans le var. Pour mettre en valeur votre int\u00e9rieur, elle travaille souvent des \u00e9toffes de grands \u00e9diteurs dans le respect des techniques traditionnelles.<\/h4>\n<p><img loading=\"lazy\" class=\"size-large wp-image-1435 alignleft\" src=\"https:\/\/www.signaletique-image-design.com\/wp-content\/uploads\/2020\/05\/20200502_182447-e1588505137230-768x1024.jpg\" alt=\"20200502_182447\" width=\"640\" height=\"853\" srcset=\"https:\/\/www.signaletique-image-design.com\/wp-content\/uploads\/2020\/05\/20200502_182447-e1588505137230-768x1024.jpg 768w, https:\/\/www.signaletique-image-design.com\/wp-content\/uploads\/2020\/05\/20200502_182447-e1588505137230-225x300.jpg 225w, https:\/\/www.signaletique-image-design.com\/wp-content\/uploads\/2020\/05\/20200502_182447-e1588505137230-1920x2560.jpg 1920w, https:\/\/www.signaletique-image-design.com\/wp-content\/uploads\/2020\/05\/20200502_182447-e1588505137230-350x467.jpg 350w, https:\/\/www.signaletique-image-design.com\/wp-content\/uploads\/2020\/05\/20200502_182447-e1588505137230-700x933.jpg 700w\" sizes=\"(max-width: 640px) 100vw, 640px\" \/><\/p>\n<h4 style=\"text-align: center;\">Vous avez un projet, n&#8217;h\u00e9sitez pas \u00e0 la contacter, elle viendra vous conseiller pour le choix des mat\u00e9riaux.<\/h4>\n<p><a href=\"https:\/\/fr-fr.facebook.com\/ingrid.solignac.5\"><img loading=\"lazy\" class=\"wp-image-1313 size-full aligncenter\" src=\"https:\/\/www.signaletique-image-design.com\/wp-content\/uploads\/2020\/05\/facebook-icon-logo-vector-400x400__ohyqf7-e1588372675563.png\" alt=\"facebook-icon-logo-vector-400x400__ohyqf7\" width=\"100\" height=\"100\" \/><\/a><\/p>\n<h4 style=\"text-align: center;\">Elle met aussi son savoir d&#8217;artisan au service de bonne cause. Elle soutient l&#8217;association des CH&#8217;AMIS de BRIGNOLES en confectionnant des produits textiles personnalis\u00e9s <span style=\"color: #0000ff;\"><em><strong>&#8221; je prends sur mon temps de libre et confectionne des produit personnalis\u00e9s pour aider l&#8217;association, et j&#8217;en profite pour remercier SID de son soutient et de ses conseils&#8221;\u00a0<\/strong><\/em><\/span><\/h4>\n<h4 style=\"text-align: center;\"><span style=\"color: #0000ff;\"><em><strong><br \/>\n<\/strong><\/em><\/span><\/h4>\n<h4 style=\"text-align: left;\"><img loading=\"lazy\" class=\"alignnone size-large wp-image-1439\" src=\"https:\/\/www.signaletique-image-design.com\/wp-content\/uploads\/2020\/05\/20200501_152545-e1588505643829-768x1024.jpg\" alt=\"20200501_152545\" width=\"640\" height=\"853\" srcset=\"https:\/\/www.signaletique-image-design.com\/wp-content\/uploads\/2020\/05\/20200501_152545-e1588505643829-768x1024.jpg 768w, https:\/\/www.signaletique-image-design.com\/wp-content\/uploads\/2020\/05\/20200501_152545-e1588505643829-225x300.jpg 225w, https:\/\/www.signaletique-image-design.com\/wp-content\/uploads\/2020\/05\/20200501_152545-e1588505643829-1920x2560.jpg 1920w, https:\/\/www.signaletique-image-design.com\/wp-content\/uploads\/2020\/05\/20200501_152545-e1588505643829-350x467.jpg 350w, https:\/\/www.signaletique-image-design.com\/wp-content\/uploads\/2020\/05\/20200501_152545-e1588505643829-700x933.jpg 700w\" sizes=\"(max-width: 640px) 100vw, 640px\" \/> <img loading=\"lazy\" class=\"alignnone size-large wp-image-1437\" src=\"https:\/\/www.signaletique-image-design.com\/wp-content\/uploads\/2020\/05\/20200501_152326-e1588505630283-768x1024.jpg\" alt=\"20200501_152326\" width=\"640\" height=\"853\" srcset=\"https:\/\/www.signaletique-image-design.com\/wp-content\/uploads\/2020\/05\/20200501_152326-e1588505630283-768x1024.jpg 768w, https:\/\/www.signaletique-image-design.com\/wp-content\/uploads\/2020\/05\/20200501_152326-e1588505630283-225x300.jpg 225w, https:\/\/www.signaletique-image-design.com\/wp-content\/uploads\/2020\/05\/20200501_152326-e1588505630283-1920x2560.jpg 1920w, https:\/\/www.signaletique-image-design.com\/wp-content\/uploads\/2020\/05\/20200501_152326-e1588505630283-350x467.jpg 350w, https:\/\/www.signaletique-image-design.com\/wp-content\/uploads\/2020\/05\/20200501_152326-e1588505630283-700x933.jpg 700w\" sizes=\"(max-width: 640px) 100vw, 640px\" \/><\/h4>\n<h4 style=\"text-align: center;\"><a href=\"https:\/\/www.facebook.com\/Les-Chamis-de-Brignoles-1942091696071189\/\"><img loading=\"lazy\" class=\"alignnone wp-image-1248\" src=\"https:\/\/www.signaletique-image-design.com\/wp-content\/uploads\/2020\/05\/unnamed-e1588349478175.png\" alt=\"unnamed\" width=\"128\" height=\"51\" \/><\/a>Si vous voulez vous faire plaisir et aider l&#8217;association LES CH&#8217;AMIS DE BRIGNOLES<\/h4>\n<h4 style=\"text-align: left;\"><\/h4>\n<h4 style=\"text-align: left;\"><img loading=\"lazy\" class=\"size-large wp-image-1442 aligncenter\" src=\"https:\/\/www.signaletique-image-design.com\/wp-content\/uploads\/2020\/05\/coussin-chamis-768x1024.jpeg\" alt=\"coussin chamis\" width=\"640\" height=\"853\" srcset=\"https:\/\/www.signaletique-image-design.com\/wp-content\/uploads\/2020\/05\/coussin-chamis-768x1024.jpeg 768w, https:\/\/www.signaletique-image-design.com\/wp-content\/uploads\/2020\/05\/coussin-chamis-225x300.jpeg 225w, https:\/\/www.signaletique-image-design.com\/wp-content\/uploads\/2020\/05\/coussin-chamis-350x467.jpeg 350w, https:\/\/www.signaletique-image-design.com\/wp-content\/uploads\/2020\/05\/coussin-chamis-700x933.jpeg 700w, https:\/\/www.signaletique-image-design.com\/wp-content\/uploads\/2020\/05\/coussin-chamis.jpeg 960w\" sizes=\"(max-width: 640px) 100vw, 640px\" \/><\/h4>\n<h4 style=\"text-align: center;\"><\/h4>\n<h4 style=\"text-align: center;\"><\/h4>\n<h4 style=\"text-align: center;\">Son fr\u00e8re qui s\u2019occupe de la partie tapisserie d&#8217;ameublement, est aussi un amoureux de son m\u00e9tier <span style=\"color: #3366ff;\"><em><strong>&#8221; Ce qui me motive toujours apr\u00e8s ces ann\u00e9es de pratique, c&#8217;est de voir des si\u00e8ges en piteux \u00e9tat reprendre vie, ma r\u00e9compense c&#8217;est quand le client est satisfait&#8221;<\/strong><\/em><\/span><\/h4>\n<p style=\"text-align: center;\"><img loading=\"lazy\" class=\"alignnone size-large wp-image-1137\" src=\"https:\/\/www.signaletique-image-design.com\/wp-content\/uploads\/2018\/04\/siege_Betty_B-577x1024.png\" alt=\"siege_Betty_B\" width=\"577\" height=\"1024\" srcset=\"https:\/\/www.signaletique-image-design.com\/wp-content\/uploads\/2018\/04\/siege_Betty_B-577x1024.png 577w, https:\/\/www.signaletique-image-design.com\/wp-content\/uploads\/2018\/04\/siege_Betty_B-169x300.png 169w, https:\/\/www.signaletique-image-design.com\/wp-content\/uploads\/2018\/04\/siege_Betty_B-350x621.png 350w, https:\/\/www.signaletique-image-design.com\/wp-content\/uploads\/2018\/04\/siege_Betty_B.png 640w\" sizes=\"(max-width: 577px) 100vw, 577px\" \/><\/p>\n<h4 style=\"text-align: center;\"><span style=\"color: #3366ff;\"><em><strong><br \/>\n<\/strong><\/em><\/span><\/h4>\n<p>&nbsp;<\/p>\n<h2 style=\"text-align: center;\"><em><strong>SID est heureux de travailler avec cette \u00e9quipe de passionn\u00e9s, et remercie Ingrid et Tony de leur confiance.<\/strong><\/em><\/h2>\n<p>&nbsp;<\/p>\n","protected":false},"excerpt":{"rendered":"<p>De tout temps passionn\u00e9e par la d\u00e9coration d\u2019int\u00e9rieur, elle a ouvert un atelier\u00a0 \u00e0 Brignoles dans le var. Pour mettre&hellip;<\/p>\n","protected":false},"author":2,"featured_media":1456,"parent":0,"menu_order":0,"comment_status":"closed","ping_status":"closed","template":"","meta":[],"_links":{"self":[{"href":"https:\/\/www.signaletique-image-design.com\/index.php?rest_route=\/wp\/v2\/pages\/1432"}],"collection":[{"href":"https:\/\/www.signaletique-image-design.com\/index.php?rest_route=\/wp\/v2\/pages"}],"about":[{"href":"https:\/\/www.signaletique-image-design.com\/index.php?rest_route=\/wp\/v2\/types\/page"}],"author":[{"embeddable":true,"href":"https:\/\/www.signaletique-image-design.com\/index.php?rest_route=\/wp\/v2\/users\/2"}],"replies":[{"embeddable":true,"href":"https:\/\/www.signaletique-image-design.com\/index.php?rest_route=%2Fwp%2Fv2%2Fcomments&post=1432"}],"version-history":[{"count":0,"href":"https:\/\/www.signaletique-image-design.com\/index.php?rest_route=\/wp\/v2\/pages\/1432\/revisions"}],"wp:featuredmedia":[{"embeddable":true,"href":"https:\/\/www.signaletique-image-design.com\/index.php?rest_route=\/wp\/v2\/media\/1456"}],"wp:attachment":[{"href":"https:\/\/www.signaletique-image-design.com\/index.php?rest_route=%2Fwp%2Fv2%2Fmedia&parent=1432"}],"curies":[{"name":"wp","href":"https:\/\/api.w.org\/{rel}","templated":true}]}}