{"id":2,"date":"2016-02-03T04:08:41","date_gmt":"2016-02-03T04:08:41","guid":{"rendered":"http:\/\/wp442m.a10-52-158-154.qa.plesk.ru\/wordpress\/?page_id=2"},"modified":"2022-05-12T10:40:35","modified_gmt":"2022-05-12T08:40:35","slug":"sample-page","status":"publish","type":"page","link":"https:\/\/www.signaletique-image-design.com\/?page_id=2","title":{"rendered":"A PROPOS"},"content":{"rendered":"<h4 style=\"text-align: center;\">SIGNAL\u00c9TIQUE IMAGES &amp; DESIGN, SID pour ses partenaires, petite entreprise Marseillaise cr\u00e9\u00e9e en 2015 par Patrick JANES, c&#8217;est sp\u00e9cialis\u00e9e dans la fabrication de tee-shirt polyester en maille technique, 100% sublim\u00e9s, <a title=\"LA SUBLIMATION 100% PERSONNALIS\u00c9E\" href=\"https:\/\/www.signaletique-image-design.com\/?page_id=297\">100% personnalis\u00e9s<\/a>\u00a0 &#8211; vous maitrisez votre projet de sa cr\u00e9ation jusqu&#8217;\u00e0 sa r\u00e9alisation finale &#8211; Toutes les techniques de personnalisation sont aussi propos\u00e9es : <a title=\"Les M\u00e9thodes de Marquage\" href=\"https:\/\/www.signaletique-image-design.com\/?page_id=1252\">Flocage, S\u00e9rigraphie, Broderie<\/a> &#8230;<\/h4>\n<h4 style=\"text-align: center;\">Nous r\u00e9alisons aussi vos projets sur tout support :\u00a0 <a title=\"ESPACE SIGNAL\u00c9TIQUE \u2013 IMPRIMERIE Oriflamme, Banderole, cartes visites\u2026.\" href=\"https:\/\/www.signaletique-image-design.com\/?p=1\">signal\u00e9tique<\/a> ext\u00e9rieure et int\u00e9rieure, stand parapluie, , objets publicitaires, travaux d&#8217;imprimerie. Sourcing \u00e0 la demande, n&#8217;h\u00e9sitez pas \u00e0 nous contacter, vous avez un projet, nous ferons notre possible pour le r\u00e9aliser !!!<\/h4>\n<h4 style=\"text-align: center;\">Nous travaillons \u00e0 \u00e9chelle humaine et privil\u00e9gions le partenariat avec les fournisseurs locaux, ce qui nous permet d&#8217;\u00eatre r\u00e9actif et \u00e0 l&#8217;\u00e9coute de nos <a title=\"PARTENAIRES\" href=\"https:\/\/www.signaletique-image-design.com\/?page_id=152\">clients<\/a>.<\/h4>\n<h5 style=\"text-align: center;\"><\/h5>\n<h3 style=\"text-align: center;\">Une limite ? &#8230;&#8230;&#8230; Votre Cr\u00e9ativit\u00e9 !!!<\/h3>\n<h5 style=\"text-align: left;\"><\/h5>\n<h5 style=\"text-align: left;\"><\/h5>\n<h5 style=\"text-align: left;\"><\/h5>\n<h2><strong>Informations L\u00e9gales<br \/>\n<\/strong><\/h2>\n<h5><strong><em>Signal\u00e9tique Images &amp; Design 17 imp. Ste Germaine 13012 Marseille &#8211; 06 08 48 35 99 <a href=\"https:\/\/www.evxonline.com\/\"><br \/>\n<\/a><\/em><\/strong><strong><em>Contact :<\/em> <\/strong><strong><em><a href=\"https:\/\/www.signaletique-image-design.com\/?page_id=58\">https:\/\/www.signaletique-image-design.com\/contact<\/a><\/em><\/strong><\/h5>\n<h5 style=\"text-align: left;\"><span style=\"color: #000000;\"><strong><em>H\u00e9bergeur : Wevox 3 rue de Franche Comt\u00e9 CS 50311 50103 Cherbourg-en-Cotentin<br \/>\n<\/em><\/strong><\/span><strong><em>Contact : <a href=\"https:\/\/www.evxonline.com\/\">https:\/\/www.evxonline.com\/<\/a><\/em> <\/strong><\/h5>\n<h2><strong><i>Avertissements<\/i><\/strong><\/h2>\n<p>Dans le cadre de ce site, l\u2019utilisateur s\u2019engage \u00e0 respecter les droits d\u2019autrui, les bonnes m\u0153urs, l\u2019ordre public et les r\u00e8gles de biens\u00e9ance en usage.<\/p>\n<p><i>Renseignements compl\u00e9mentaires<\/i><\/p>\n<p>En application de la loi n\u00b0\u00a02004-575 du 21 juin 2004, les informations suivantes sont port\u00e9es \u00e0 votre connaissance\u00a0:<\/p>\n<p>Les administrateurs du site Signal\u00e9tique Images &amp; design ne sont pas responsables du contenu des sites vers lesquels un lien est \u00e9tabli.<\/p>\n<p>Le site Signal\u00e9tique Images &amp; Design respecte la l\u00e9gislation fran\u00e7aise en vigueur relative \u00e0 l\u2019informatique, aux fichiers et aux libert\u00e9s.<br class=\"autobr\" \/>Conform\u00e9ment \u00e0 la loi en vigueur, le site n\u2019a pas fait l\u2019objet d\u2019une d\u00e9claration \u00e0 la <a href=\"https:\/\/www.cnil.fr\/\" target=\"_blank\" rel=\"noopener\">CNIL<\/a>. Rappelons que depuis le 10 juillet 2006, la <a href=\"https:\/\/www.cnil.fr\/\" target=\"_blank\" rel=\"noopener\">CNIL<\/a> a d\u00e9cid\u00e9 de supprimer l\u2019obligation de d\u00e9claration des sites internet.<\/p>\n<p>Aucun cookie n\u2019est g\u00e9n\u00e9r\u00e9 par la consultation du pr\u00e9sent site. Les appels re\u00e7us par le serveur font l\u2019objet d\u2019un recueil de donn\u00e9es en vue d\u2019\u00e9tablir des statistiques de fr\u00e9quentation, anonymes et exclusivement r\u00e9serv\u00e9es \u00e0 l\u2019usage du comit\u00e9 r\u00e9dacteur du site Signal\u00e9tique Images &amp; Design.<\/p>\n<p>Les donn\u00e9es recueillies ne font l\u2019objet d\u2019aucune transmission \u00e0 des tiers.<\/p>\n<h2><strong>Donn\u00e9es Personnelles<\/strong><\/h2>\n<h3 class=\"spip\">Gestion des cookies<\/h3>\n<p>Les cookies de statistiques nous permettent d\u2019obtenir des informations de fr\u00e9quentation anonyme de notre site afin de l\u2019optimiser et de d\u00e9tecter d\u2019\u00e9ventuels dysfonctionnements.<\/p>\n<div class=\"surlignable\">\n<div class=\"crayon article-texte-5 texte\">\n<p>Le site Signal\u00e9tique Images &amp; Design ne demande pas d\u2019enregistrement \u00e0 ses visiteurs, et ne proc\u00e8de \u00e0 aucun enregistrement nominatif pour la simple consultation de ses pages.<\/p>\n<h4 class=\"spip\">Qu\u2019est-ce qu\u2019un cookie\u00a0?<\/h4>\n<p>Un cookie est un fichier texte d\u00e9pos\u00e9, sous r\u00e9serve de vos choix, sur votre ordinateur lors de la visite d\u2019un site. Il a pour but de collecter des informations relatives \u00e0 votre navigation et de vous adresser des services adapt\u00e9s \u00e0 votre terminal (ordinateur, mobile ou tablette).<\/p>\n<p>Les cookies sont g\u00e9r\u00e9s par votre navigateur internet et seul l\u2019\u00e9metteur d\u2019un cookie est susceptible de lire ou de modifier les informations qui y sont contenues.<\/p>\n<h4 class=\"spip\">A quoi servent les cookies \u00e9mis sur notre site\u00a0?<\/h4>\n<p>Le site de Signal\u00e9tique Images &amp; Design utilise la technique des &#8220;cookies&#8221; pour les raisons suivantes\u00a0:<\/p>\n<p><img loading=\"lazy\" class=\"puce\" src=\"https:\/\/www.arc-carnoux.fr\/local\/cache-vignettes\/L8xH11\/puce-32883.gif?1571206818\" alt=\"-\" width=\"8\" height=\"11\" \/>\u00a0Pour nous aider \u00e0 reconna\u00eetre votre navigateur d\u2019une session \u00e0 l\u2019autre et pour pour nous souvenir de vos pr\u00e9f\u00e9rences. Ils ont \u00e9galement n\u00e9cessaires au bon fonctionnement de certains services.<\/p>\n<p><img loading=\"lazy\" class=\"puce\" src=\"https:\/\/www.arc-carnoux.fr\/local\/cache-vignettes\/L8xH11\/puce-32883.gif?1571206818\" alt=\"-\" width=\"8\" height=\"11\" \/>\u00a0Pour aider \u00e0 mesurer de fa\u00e7on transversale l\u2019activit\u00e9 de nos visiteurs sur le site et nous permettre ainsi de proposer une exp\u00e9rience toujours mieux adapt\u00e9es aux attentes de nos lecteurs.<\/p>\n<h2><strong>Propri\u00e9t\u00e9 intellectuelle<\/strong><\/h2>\n<p>Tous les \u00e9l\u00e9ments pr\u00e9sents sur le site \u00ab <a href=\"https:\/\/www.signaletique-image-design.com\/\">www.signaletique-image-design.com<\/a> \u00bb qu&#8217;ils soient visuels, textuels ou sonores, sont la propri\u00e9t\u00e9 exclusive de \u00ab signal\u00e9tique images et design \u00bb et sont \u00e0 ce titre prot\u00e9g\u00e9s par le code de la propri\u00e9t\u00e9 intellectuelle et le droit d&#8217;auteur. A ce titre, toute reproduction du site \u00ab <a href=\"https:\/\/www.signaletique-image-design.com\/\">www.signaletique-image-design.com<\/a> \u00bb partielle ou int\u00e9grale, est strictement interdite.<\/p>\n<h2 class=\"spip\">Droits et devoirs<\/h2>\n<p>Dans tous les cas, l\u00b4utilisateur dispose des droits (d\u2019acc\u00e8s et de rectification, notamment) pr\u00e9vus par la loi 78-17 du 6 janvier 1978 dite &#8220;Informatique et Libert\u00e9s&#8221;.<\/p>\n<p>Pour l\u2019exercice de ces droits, l\u2019utilisateur est invit\u00e9 \u00e0 s\u2019adresser <a class=\"spip_in\" href=\"https:\/\/www.signaletique-image-design.com\/?page_id=58\">par courriel<\/a>.<\/p>\n<p>L\u2019utilisateur trouvera des informations sur ses droits et devoirs et sur la protection des donn\u00e9es individuelles sur le site de la Commission Nationale Informatique et Libert\u00e9s <a class=\"spip_url spip_out auto\" href=\"http:\/\/www.cnil.fr\" target=\"_blank\" rel=\"external nofollow noopener\">http:\/\/www.cnil.fr<\/a><\/p>\n<p>Les utilisateurs du site de Signal\u00e9tique Images &amp; Design sont invit\u00e9s \u00e0 faire conna\u00eetre leurs remarques sur d\u00b4\u00e9ventuels dysfonctionnement du site au regard des libert\u00e9s individuelles.<\/p>\n<\/div>\n<\/div>\n","protected":false},"excerpt":{"rendered":"<p>SIGNAL\u00c9TIQUE IMAGES &amp; DESIGN, SID pour ses partenaires, petite entreprise Marseillaise cr\u00e9\u00e9e en 2015 par Patrick JANES, c&#8217;est sp\u00e9cialis\u00e9e dans&hellip;<\/p>\n","protected":false},"author":2,"featured_media":0,"parent":0,"menu_order":7,"comment_status":"closed","ping_status":"open","template":"","meta":[],"_links":{"self":[{"href":"https:\/\/www.signaletique-image-design.com\/index.php?rest_route=\/wp\/v2\/pages\/2"}],"collection":[{"href":"https:\/\/www.signaletique-image-design.com\/index.php?rest_route=\/wp\/v2\/pages"}],"about":[{"href":"https:\/\/www.signaletique-image-design.com\/index.php?rest_route=\/wp\/v2\/types\/page"}],"author":[{"embeddable":true,"href":"https:\/\/www.signaletique-image-design.com\/index.php?rest_route=\/wp\/v2\/users\/2"}],"replies":[{"embeddable":true,"href":"https:\/\/www.signaletique-image-design.com\/index.php?rest_route=%2Fwp%2Fv2%2Fcomments&post=2"}],"version-history":[{"count":6,"href":"https:\/\/www.signaletique-image-design.com\/index.php?rest_route=\/wp\/v2\/pages\/2\/revisions"}],"predecessor-version":[{"id":2038,"href":"https:\/\/www.signaletique-image-design.com\/index.php?rest_route=\/wp\/v2\/pages\/2\/revisions\/2038"}],"wp:attachment":[{"href":"https:\/\/www.signaletique-image-design.com\/index.php?rest_route=%2Fwp%2Fv2%2Fmedia&parent=2"}],"curies":[{"name":"wp","href":"https:\/\/api.w.org\/{rel}","templated":true}]}}