{"id":2014,"date":"2022-05-10T19:06:15","date_gmt":"2022-05-10T17:06:15","guid":{"rendered":"https:\/\/www.signaletique-image-design.com\/?page_id=2014"},"modified":"2022-05-10T19:06:17","modified_gmt":"2022-05-10T17:06:17","slug":"carterie","status":"publish","type":"page","link":"https:\/\/www.signaletique-image-design.com\/?page_id=2014","title":{"rendered":"CARTERIE"},"content":{"rendered":"<p style=\"text-align: center;\"><span style=\"color: #0000ff;\"><em><strong><span style=\"color: #0000ff;\"><a title=\"CARTES DE VISITES\" href=\"https:\/\/www.signaletique-image-design.com\/?page_id=277\"><span style=\"color: #0000ff;\">Carte de Visite<\/span><\/a> <\/span><\/strong><\/em><\/span><\/p>\n<p style=\"text-align: center;\"><span style=\"color: #000000;\"><em><strong>Cartes Postales <\/strong><\/em><\/span><\/p>\n<p style=\"text-align: center;\"><span style=\"color: #000000;\"><em><strong>Marque-Pages <\/strong><\/em><\/span><\/p>\n<p style=\"text-align: center;\"><span style=\"color: #0000ff;\"><em><strong><span style=\"color: #0000ff;\"><span style=\"color: #000000;\">Cartes de Correspondance<\/span> <\/span><\/strong><\/em><\/span><\/p>\n<p style=\"text-align: center;\"><span style=\"color: #0000ff;\"><em><strong><span style=\"color: #0000ff;\"><span style=\"color: #000000;\">Carte d&#8217;Invitation <\/span><\/span><\/strong><\/em><\/span><\/p>\n<p style=\"text-align: center;\"><span style=\"color: #0000ff;\"><em><strong><span style=\"color: #0000ff;\"><span style=\"color: #000000;\">Faire-Part de Naissance <\/span><\/span><\/strong><\/em><\/span><\/p>\n<p style=\"text-align: center;\"><span style=\"color: #0000ff;\"><em><strong><span style=\"color: #0000ff;\"><span style=\"color: #000000;\">Cartes de V\u0153ux <\/span><\/span><\/strong><\/em><\/span><\/p>\n<p style=\"text-align: center;\"><span style=\"color: #0000ff;\"><em><strong><span style=\"color: #0000ff;\"><span style=\"color: #000000;\">Cartes de Fid\u00e9lit\u00e9 <\/span><\/span><\/strong><\/em><\/span><\/p>\n<p style=\"text-align: center;\"><span style=\"color: #0000ff;\"><em><strong><span style=\"color: #0000ff;\"><span style=\"color: #000000;\">Carte PVC<\/span> <br \/><\/span><\/strong><\/em><\/span><\/p>\n<p><span style=\"color: #0000ff;\"><em><strong><span style=\"color: #0000ff;\">\u00a0 \u00a0<\/span>\u00a0\u00a0\u00a0\u00a0\u00a0\u00a0\u00a0\u00a0\u00a0\u00a0\u00a0\u00a0\u00a0\u00a0\u00a0\u00a0\u00a0\u00a0\u00a0\u00a0\u00a0\u00a0\u00a0\u00a0\u00a0\u00a0\u00a0\u00a0\u00a0\u00a0\u00a0\u00a0\u00a0\u00a0\u00a0\u00a0\u00a0\u00a0\u00a0\u00a0\u00a0\u00a0\u00a0\u00a0\u00a0\u00a0\u00a0\u00a0\u00a0\u00a0\u00a0\u00a0\u00a0\u00a0\u00a0\u00a0\u00a0\u00a0\u00a0\u00a0\u00a0\u00a0\u00a0\u00a0\u00a0\u00a0\u00a0\u00a0\u00a0\u00a0\u00a0\u00a0\u00a0\u00a0\u00a0\u00a0\u00a0\u00a0\u00a0\u00a0\u00a0\u00a0\u00a0\u00a0\u00a0\u00a0\u00a0\u00a0\u00a0\u00a0\u00a0\u00a0\u00a0\u00a0\u00a0\u00a0\u00a0\u00a0\u00a0\u00a0\u00a0\u00a0\u00a0\u00a0\u00a0\u00a0\u00a0\u00a0\u00a0\u00a0\u00a0\u00a0\u00a0\u00a0\u00a0\u00a0\u00a0\u00a0\u00a0\u00a0\u00a0\u00a0\u00a0\u00a0\u00a0\u00a0\u00a0\u00a0\u00a0\u00a0\u00a0\u00a0\u00a0\u00a0\u00a0\u00a0\u00a0\u00a0\u00a0\u00a0\u00a0\u00a0\u00a0\u00a0\u00a0\u00a0\u00a0\u00a0\u00a0\u00a0\u00a0\u00a0\u00a0\u00a0\u00a0\u00a0\u00a0\u00a0\u00a0\u00a0\u00a0\u00a0\u00a0\u00a0\u00a0\u00a0\u00a0\u00a0\u00a0\u00a0 <\/strong><\/em><\/span><\/p>\n\n\n<p class=\"has-text-align-center has-larger-font-size\"><strong>Liste de produits non exhaustive.  <\/strong><\/p>\n\n\n\n<div class=\"wp-block-image\"><figure class=\"aligncenter size-full\"><a href=\"https:\/\/www.signaletique-image-design.com\/?page_id=58\"><img loading=\"lazy\" width=\"346\" height=\"346\" src=\"https:\/\/www.signaletique-image-design.com\/wp-content\/uploads\/2020\/05\/contact2.jpg\" alt=\"\" class=\"wp-image-1235\"\/><\/a><\/figure><\/div>\n","protected":false},"excerpt":{"rendered":"<p>Carte de Visite Cartes Postales Marque-Pages Cartes de Correspondance Carte d&#8217;Invitation Faire-Part de Naissance Cartes de V\u0153ux Cartes de Fid\u00e9lit\u00e9&hellip;<\/p>\n","protected":false},"author":2,"featured_media":0,"parent":0,"menu_order":0,"comment_status":"closed","ping_status":"closed","template":"","meta":[],"_links":{"self":[{"href":"https:\/\/www.signaletique-image-design.com\/index.php?rest_route=\/wp\/v2\/pages\/2014"}],"collection":[{"href":"https:\/\/www.signaletique-image-design.com\/index.php?rest_route=\/wp\/v2\/pages"}],"about":[{"href":"https:\/\/www.signaletique-image-design.com\/index.php?rest_route=\/wp\/v2\/types\/page"}],"author":[{"embeddable":true,"href":"https:\/\/www.signaletique-image-design.com\/index.php?rest_route=\/wp\/v2\/users\/2"}],"replies":[{"embeddable":true,"href":"https:\/\/www.signaletique-image-design.com\/index.php?rest_route=%2Fwp%2Fv2%2Fcomments&post=2014"}],"version-history":[{"count":10,"href":"https:\/\/www.signaletique-image-design.com\/index.php?rest_route=\/wp\/v2\/pages\/2014\/revisions"}],"predecessor-version":[{"id":2024,"href":"https:\/\/www.signaletique-image-design.com\/index.php?rest_route=\/wp\/v2\/pages\/2014\/revisions\/2024"}],"wp:attachment":[{"href":"https:\/\/www.signaletique-image-design.com\/index.php?rest_route=%2Fwp%2Fv2%2Fmedia&parent=2014"}],"curies":[{"name":"wp","href":"https:\/\/api.w.org\/{rel}","templated":true}]}}