{"id":2049,"date":"2022-05-16T13:31:50","date_gmt":"2022-05-16T11:31:50","guid":{"rendered":"https:\/\/www.signaletique-image-design.com\/?page_id=2049"},"modified":"2022-05-17T12:55:30","modified_gmt":"2022-05-17T10:55:30","slug":"maillots","status":"publish","type":"page","link":"https:\/\/www.signaletique-image-design.com\/?page_id=2049","title":{"rendered":"MAILLOTS"},"content":{"rendered":"<h2 style=\"text-align: center;\"><span style=\"color: #0000ff;\"><strong>Gamme 100% personnalisable<\/strong><\/span><\/h2>\n<p style=\"text-align: center;\"><em><strong>Tous nos maillots sont r\u00e9alis\u00e9s en tissus technique respirant, ils conviennent pour tous les sports. Nous les avons ajust\u00e9s pour certains sports sp\u00e9cifiques : Rugby, Volley &#8230;\u00a0 n&#8217;h\u00e9sitez pas \u00e0 nous contacter si vous avez des besoins techniques sp\u00e9cifiques<\/strong><\/em><\/p>\n<p style=\"text-align: center;\"><img loading=\"lazy\" class=\"alignnone size-large wp-image-2087\" src=\"https:\/\/www.signaletique-image-design.com\/wp-content\/uploads\/2022\/05\/maillot_perso-890x1024.jpg\" alt=\"\" width=\"890\" height=\"1024\" srcset=\"https:\/\/www.signaletique-image-design.com\/wp-content\/uploads\/2022\/05\/maillot_perso-890x1024.jpg 890w, https:\/\/www.signaletique-image-design.com\/wp-content\/uploads\/2022\/05\/maillot_perso-261x300.jpg 261w, https:\/\/www.signaletique-image-design.com\/wp-content\/uploads\/2022\/05\/maillot_perso-768x883.jpg 768w, https:\/\/www.signaletique-image-design.com\/wp-content\/uploads\/2022\/05\/maillot_perso-1335x1536.jpg 1335w, https:\/\/www.signaletique-image-design.com\/wp-content\/uploads\/2022\/05\/maillot_perso-350x403.jpg 350w, https:\/\/www.signaletique-image-design.com\/wp-content\/uploads\/2022\/05\/maillot_perso-700x805.jpg 700w, https:\/\/www.signaletique-image-design.com\/wp-content\/uploads\/2022\/05\/maillot_perso.jpg 1397w\" sizes=\"(max-width: 890px) 100vw, 890px\" \/><\/p>\n<p style=\"text-align: center;\">\n<p style=\"text-align: center;\"><strong>GUIDE DES TAILLES\u00a0 &#8211;\u00a0 CHOIX DES TEXTILES<\/strong><\/p>\n<p style=\"text-align: center;\"><a href=\"https:\/\/www.signaletique-image-design.com\/?page_id=58\" target=\"_blank\" rel=\"noopener\"><img loading=\"lazy\" class=\"alignnone wp-image-1235 size-full\" src=\"https:\/\/www.signaletique-image-design.com\/wp-content\/uploads\/2020\/05\/contact2.jpg\" alt=\"contact2\" width=\"346\" height=\"346\" \/><\/a><\/p>\n","protected":false},"excerpt":{"rendered":"<p>Gamme 100% personnalisable Tous nos maillots sont r\u00e9alis\u00e9s en tissus technique respirant, ils conviennent pour tous les sports. Nous les&hellip;<\/p>\n","protected":false},"author":2,"featured_media":0,"parent":0,"menu_order":0,"comment_status":"closed","ping_status":"closed","template":"","meta":[],"_links":{"self":[{"href":"https:\/\/www.signaletique-image-design.com\/index.php?rest_route=\/wp\/v2\/pages\/2049"}],"collection":[{"href":"https:\/\/www.signaletique-image-design.com\/index.php?rest_route=\/wp\/v2\/pages"}],"about":[{"href":"https:\/\/www.signaletique-image-design.com\/index.php?rest_route=\/wp\/v2\/types\/page"}],"author":[{"embeddable":true,"href":"https:\/\/www.signaletique-image-design.com\/index.php?rest_route=\/wp\/v2\/users\/2"}],"replies":[{"embeddable":true,"href":"https:\/\/www.signaletique-image-design.com\/index.php?rest_route=%2Fwp%2Fv2%2Fcomments&post=2049"}],"version-history":[{"count":6,"href":"https:\/\/www.signaletique-image-design.com\/index.php?rest_route=\/wp\/v2\/pages\/2049\/revisions"}],"predecessor-version":[{"id":2089,"href":"https:\/\/www.signaletique-image-design.com\/index.php?rest_route=\/wp\/v2\/pages\/2049\/revisions\/2089"}],"wp:attachment":[{"href":"https:\/\/www.signaletique-image-design.com\/index.php?rest_route=%2Fwp%2Fv2%2Fmedia&parent=2049"}],"curies":[{"name":"wp","href":"https:\/\/api.w.org\/{rel}","templated":true}]}}