{"id":297,"date":"2016-05-30T01:45:23","date_gmt":"2016-05-30T01:45:23","guid":{"rendered":"https:\/\/www.signaletique-image-design.com\/?page_id=297"},"modified":"2022-05-02T14:19:46","modified_gmt":"2022-05-02T12:19:46","slug":"sublimation-totale","status":"publish","type":"page","link":"https:\/\/www.signaletique-image-design.com\/?page_id=297","title":{"rendered":"LA SUBLIMATION 100% PERSONNALIS\u00c9E"},"content":{"rendered":"<h2 style=\"text-align: center;\"><span style=\"color: #000080;\"><strong>D\u00e9marquez<\/strong><\/span><em><strong><span style=\"color: #000080;\"> vous,\u00a0 le maillots, polo,tee-shirt qui vous ressemble \u00e0 100% !!!<\/span><br \/>\n<\/strong><\/em><\/h2>\n<h2 style=\"text-align: center;\"><strong>et surtout<\/strong><\/h2>\n<h1 style=\"text-align: center;\"><span style=\"color: #0000ff;\"><strong>VOUS NE STOCKEZ PAS !!!!<\/strong><\/span><\/h1>\n<p style=\"text-align: center;\"><span style=\"color: #0000ff;\"><em><strong>Nous avons aussi pens\u00e9 aux petites structures, et aux personnes seules, la quantit\u00e9 minima de commande est de 1 pi\u00e8ce toutes tailles confondues, et bien s\u00fbr, Pas de quantit\u00e9 minima pour les r\u00e9assorts<\/strong><\/em>, <strong><em>et de ce fait, pas de stock dormant, vous commandez suivant vos besoins imm\u00e9diats.<\/em> <\/strong><\/span><\/p>\n<p style=\"text-align: center;\"><em><strong>Votre projet est r\u00e9alis\u00e9 sur un textile 100% PES maille technique &#8220;respirante&#8221; , votre projet est sublim\u00e9 sur une base blanche, ensuite d\u00e9coup\u00e9 suivant le mod\u00e8le du patron choisi, puis assembl\u00e9, la teinte dans la masse permet un montage de votre v\u00eatement &#8220;sans blanc&#8221; aux niveaux des coutures.<br \/>\n<\/strong><\/em><\/p>\n<p style=\"text-align: center;\"><em><strong>\u00a0<\/strong><\/em><\/p>\n<p style=\"text-align: center;\"><em><strong>Nous r\u00e9alisons vos maillots et vos polos, avec des coupes unisex, coupes, f\u00e9minines, manches raglan, manches mont\u00e9es,avec un choix d&#8217;une dizaine de grammage ( du 115Grs au 250Grs ),\u00a0\u00a0 de l&#8217;enfant jusqu&#8217;au 4XL et plus &#8230;.<\/strong><\/em><\/p>\n<h2 style=\"text-align: center;\"><span style=\"color: #000080;\"><strong><em>\u00c9tapes de la cr\u00e9ation de votre projet<\/em><\/strong><\/span><\/h2>\n<h3 style=\"text-align: center;\"><em><strong>Choix du textile<br \/>\n<\/strong><\/em><\/h3>\n<p><img loading=\"lazy\" class=\"wp-image-983 size-medium aligncenter\" src=\"https:\/\/www.signaletique-image-design.com\/wp-content\/uploads\/2016\/05\/rlx-tissus-300x206.jpg\" alt=\"rlx tissus\" width=\"300\" height=\"206\" srcset=\"https:\/\/www.signaletique-image-design.com\/wp-content\/uploads\/2016\/05\/rlx-tissus-300x206.jpg 300w, https:\/\/www.signaletique-image-design.com\/wp-content\/uploads\/2016\/05\/rlx-tissus-350x240.jpg 350w, https:\/\/www.signaletique-image-design.com\/wp-content\/uploads\/2016\/05\/rlx-tissus-700x480.jpg 700w, https:\/\/www.signaletique-image-design.com\/wp-content\/uploads\/2016\/05\/rlx-tissus.jpg 730w\" sizes=\"(max-width: 300px) 100vw, 300px\" \/>\u00a0 <img loading=\"lazy\" class=\"wp-image-984 aligncenter\" src=\"https:\/\/www.signaletique-image-design.com\/wp-content\/uploads\/2016\/05\/echantillon-tissus-300x225.jpeg\" alt=\"echantillon tissus\" width=\"286\" height=\"201\" \/><\/p>\n<h3 style=\"text-align: center;\"><em><strong>\u00c9dition du Bon \u00e0 Tirer ( BAT )<\/strong><\/em><\/h3>\n<p><img loading=\"lazy\" class=\"size-large wp-image-985 aligncenter\" src=\"https:\/\/www.signaletique-image-design.com\/wp-content\/uploads\/2016\/05\/BAT-polo-Bollene-922x1024.jpeg\" alt=\"BAT polo Bollene\" width=\"640\" height=\"711\" srcset=\"https:\/\/www.signaletique-image-design.com\/wp-content\/uploads\/2016\/05\/BAT-polo-Bollene-922x1024.jpeg 922w, https:\/\/www.signaletique-image-design.com\/wp-content\/uploads\/2016\/05\/BAT-polo-Bollene-270x300.jpeg 270w, https:\/\/www.signaletique-image-design.com\/wp-content\/uploads\/2016\/05\/BAT-polo-Bollene-768x853.jpeg 768w, https:\/\/www.signaletique-image-design.com\/wp-content\/uploads\/2016\/05\/BAT-polo-Bollene-1920x2133.jpeg 1920w, https:\/\/www.signaletique-image-design.com\/wp-content\/uploads\/2016\/05\/BAT-polo-Bollene-350x389.jpeg 350w, https:\/\/www.signaletique-image-design.com\/wp-content\/uploads\/2016\/05\/BAT-polo-Bollene-700x778.jpeg 700w\" sizes=\"(max-width: 640px) 100vw, 640px\" \/>\u00a0\u00a0\u00a0\u00a0\u00a0\u00a0\u00a0\u00a0\u00a0\u00a0\u00a0\u00a0\u00a0\u00a0\u00a0\u00a0\u00a0\u00a0\u00a0 <img loading=\"lazy\" class=\"alignnone size-full wp-image-986\" src=\"https:\/\/www.signaletique-image-design.com\/wp-content\/uploads\/2016\/05\/BAT-maillot-Bollene.png\" alt=\"BAT maillot Bollene\" width=\"820\" height=\"378\" srcset=\"https:\/\/www.signaletique-image-design.com\/wp-content\/uploads\/2016\/05\/BAT-maillot-Bollene.png 820w, https:\/\/www.signaletique-image-design.com\/wp-content\/uploads\/2016\/05\/BAT-maillot-Bollene-300x138.png 300w, https:\/\/www.signaletique-image-design.com\/wp-content\/uploads\/2016\/05\/BAT-maillot-Bollene-768x354.png 768w, https:\/\/www.signaletique-image-design.com\/wp-content\/uploads\/2016\/05\/BAT-maillot-Bollene-350x161.png 350w, https:\/\/www.signaletique-image-design.com\/wp-content\/uploads\/2016\/05\/BAT-maillot-Bollene-700x323.png 700w\" sizes=\"(max-width: 820px) 100vw, 820px\" \/><\/p>\n<h3 style=\"text-align: center;\"><em><strong>Le polo termin\u00e9 et assembl\u00e9.<br \/>\n<\/strong><\/em><\/h3>\n<p style=\"text-align: center;\"><img loading=\"lazy\" class=\"wp-image-1954 size-large aligncenter\" src=\"https:\/\/www.signaletique-image-design.com\/wp-content\/uploads\/2022\/05\/polo-bolle\u0300ne-1024x856.jpeg\" alt=\"\" width=\"940\" height=\"786\" srcset=\"https:\/\/www.signaletique-image-design.com\/wp-content\/uploads\/2022\/05\/polo-bolle\u0300ne-1024x856.jpeg 1024w, https:\/\/www.signaletique-image-design.com\/wp-content\/uploads\/2022\/05\/polo-bolle\u0300ne-300x251.jpeg 300w, https:\/\/www.signaletique-image-design.com\/wp-content\/uploads\/2022\/05\/polo-bolle\u0300ne-768x642.jpeg 768w, https:\/\/www.signaletique-image-design.com\/wp-content\/uploads\/2022\/05\/polo-bolle\u0300ne-1536x1283.jpeg 1536w, https:\/\/www.signaletique-image-design.com\/wp-content\/uploads\/2022\/05\/polo-bolle\u0300ne-2048x1711.jpeg 2048w, https:\/\/www.signaletique-image-design.com\/wp-content\/uploads\/2022\/05\/polo-bolle\u0300ne-1920x1604.jpeg 1920w, https:\/\/www.signaletique-image-design.com\/wp-content\/uploads\/2022\/05\/polo-bolle\u0300ne-350x292.jpeg 350w, https:\/\/www.signaletique-image-design.com\/wp-content\/uploads\/2022\/05\/polo-bolle\u0300ne-700x585.jpeg 700w\" sizes=\"(max-width: 940px) 100vw, 940px\" \/><\/p>\n<p style=\"text-align: center;\">\n<h2 style=\"text-align: center;\"><strong>En panne d&#8217;inspiration ?<\/strong><\/h2>\n<p style=\"text-align: center;\"><em><strong>Contactez nous pour un accompagnement personnalis\u00e9. Nous vous aiderons dans le choix du textile, de la coupe,\u00a0 laissez simplement libre court \u00e0 votre imagination, d\u00e9grad\u00e9, double couleur, etc. &#8230;, n&#8217;ayez aucune limite \u00e0 votre cr\u00e9ativit\u00e9, vous devez simplement nous fournir un fichier avec votre projet vectoris\u00e9 ou laisser notre \u00e9quipe se charger de finaliser votre logo.<\/strong><\/em><\/p>\n<p style=\"text-align: center;\"><a href=\"https:\/\/www.signaletique-image-design.com\/?page_id=58\"><img loading=\"lazy\" class=\"alignnone wp-image-1235 size-full\" src=\"https:\/\/www.signaletique-image-design.com\/wp-content\/uploads\/2020\/05\/contact2.jpg\" alt=\"contact2\" width=\"346\" height=\"346\" \/><\/a><\/p>\n","protected":false},"excerpt":{"rendered":"<p>D\u00e9marquez vous,\u00a0 le maillots, polo,tee-shirt qui vous ressemble \u00e0 100% !!! et surtout VOUS NE STOCKEZ PAS !!!! Nous avons&hellip;<\/p>\n","protected":false},"author":2,"featured_media":0,"parent":0,"menu_order":0,"comment_status":"closed","ping_status":"closed","template":"","meta":[],"_links":{"self":[{"href":"https:\/\/www.signaletique-image-design.com\/index.php?rest_route=\/wp\/v2\/pages\/297"}],"collection":[{"href":"https:\/\/www.signaletique-image-design.com\/index.php?rest_route=\/wp\/v2\/pages"}],"about":[{"href":"https:\/\/www.signaletique-image-design.com\/index.php?rest_route=\/wp\/v2\/types\/page"}],"author":[{"embeddable":true,"href":"https:\/\/www.signaletique-image-design.com\/index.php?rest_route=\/wp\/v2\/users\/2"}],"replies":[{"embeddable":true,"href":"https:\/\/www.signaletique-image-design.com\/index.php?rest_route=%2Fwp%2Fv2%2Fcomments&post=297"}],"version-history":[{"count":2,"href":"https:\/\/www.signaletique-image-design.com\/index.php?rest_route=\/wp\/v2\/pages\/297\/revisions"}],"predecessor-version":[{"id":1956,"href":"https:\/\/www.signaletique-image-design.com\/index.php?rest_route=\/wp\/v2\/pages\/297\/revisions\/1956"}],"wp:attachment":[{"href":"https:\/\/www.signaletique-image-design.com\/index.php?rest_route=%2Fwp%2Fv2%2Fmedia&parent=297"}],"curies":[{"name":"wp","href":"https:\/\/api.w.org\/{rel}","templated":true}]}}