{"id":357,"date":"2016-07-16T16:43:00","date_gmt":"2016-07-16T16:43:00","guid":{"rendered":"https:\/\/www.signaletique-image-design.com\/?page_id=357"},"modified":"2020-05-01T18:51:42","modified_gmt":"2020-05-01T17:51:42","slug":"la-sublimation","status":"publish","type":"page","link":"https:\/\/www.signaletique-image-design.com\/?page_id=357","title":{"rendered":"LA SUBLIMATION"},"content":{"rendered":"<div class=\"intro\">\n<p>Pour l\u2019impression tissu, la sublimation se d\u00e9compose en 2 \u00e9tapes\u00a0: le visuel est d\u2019abord imprim\u00e9 sur un papier de transfert qui est ensuite mis en contact avec le tissu sur la calandre ( presse )\u00a0 et l\u2019ensemble est chauff\u00e9 \u00e0 200\u00b0C (en moyenne, la temp\u00e9rature d\u00e9pend de l\u2019encre et du support utilis\u00e9s). C\u2019est ainsi, gr\u00e2ce \u00e0 la chaleur et \u00e0 la pression, que l\u2019encre est transf\u00e9r\u00e9e du papier de transfert sur le tissu.<\/p>\n<div class=\"clear\">\n<p>Ce\u00a0 proc\u00e9d\u00e9 pr\u00e9sente de nombreux avantages : <strong>tr\u00e8s bonne tenue dans le temps<\/strong>, <strong>excellent rendu des couleurs<\/strong>, tr\u00e8s vives (s\u00fbrement la meilleure technologie d\u2019impression), pr\u00e9sentant une <strong>tr\u00e8s bonne tenue \u00e0 l\u2019abrasion et au lavage<\/strong> en machine.De plus, <strong>la Sublimation est \u00e9cologique<\/strong>, les encres utilis\u00e9es sont \u00e9labor\u00e9es \u00e0 base d\u2019eau et les supports imprim\u00e9s sont con\u00e7us \u00e0 base de polyester, On peut sublimer tout ce que contient au minimum 65\/70% de polyester, le seul imp\u00e9ratif, il faut que le support soit blanc ou de couleur tr\u00e8s claire.<\/p>\n<\/div>\n<p style=\"text-align: center;\"><img loading=\"lazy\" class=\"alignnone size-large wp-image-1272\" src=\"https:\/\/www.signaletique-image-design.com\/wp-content\/uploads\/2016\/07\/sublimation-bouddha-1024x1024.jpg\" alt=\"sublimation bouddha\" width=\"640\" height=\"640\" srcset=\"https:\/\/www.signaletique-image-design.com\/wp-content\/uploads\/2016\/07\/sublimation-bouddha-1024x1024.jpg 1024w, https:\/\/www.signaletique-image-design.com\/wp-content\/uploads\/2016\/07\/sublimation-bouddha-150x150.jpg 150w, https:\/\/www.signaletique-image-design.com\/wp-content\/uploads\/2016\/07\/sublimation-bouddha-300x300.jpg 300w, https:\/\/www.signaletique-image-design.com\/wp-content\/uploads\/2016\/07\/sublimation-bouddha-768x768.jpg 768w, https:\/\/www.signaletique-image-design.com\/wp-content\/uploads\/2016\/07\/sublimation-bouddha-1920x1920.jpg 1920w, https:\/\/www.signaletique-image-design.com\/wp-content\/uploads\/2016\/07\/sublimation-bouddha-350x350.jpg 350w, https:\/\/www.signaletique-image-design.com\/wp-content\/uploads\/2016\/07\/sublimation-bouddha-700x700.jpg 700w\" sizes=\"(max-width: 640px) 100vw, 640px\" \/><\/p>\n<p>&nbsp;<\/p>\n<p>Si vous avez un projet \u00e0 sublimer sur une base fonc\u00e9e, pensez \u00e0 la <strong><a href=\"https:\/\/www.signaletique-image-design.com\/?page_id=297\" target=\"_blank\">sublimation 100% personnalis\u00e9e<\/a><\/strong><\/p>\n<\/div>\n","protected":false},"excerpt":{"rendered":"<p>Pour l\u2019impression tissu, la sublimation se d\u00e9compose en 2 \u00e9tapes\u00a0: le visuel est d\u2019abord imprim\u00e9 sur un papier de transfert&hellip;<\/p>\n","protected":false},"author":2,"featured_media":1273,"parent":0,"menu_order":0,"comment_status":"closed","ping_status":"closed","template":"","meta":[],"_links":{"self":[{"href":"https:\/\/www.signaletique-image-design.com\/index.php?rest_route=\/wp\/v2\/pages\/357"}],"collection":[{"href":"https:\/\/www.signaletique-image-design.com\/index.php?rest_route=\/wp\/v2\/pages"}],"about":[{"href":"https:\/\/www.signaletique-image-design.com\/index.php?rest_route=\/wp\/v2\/types\/page"}],"author":[{"embeddable":true,"href":"https:\/\/www.signaletique-image-design.com\/index.php?rest_route=\/wp\/v2\/users\/2"}],"replies":[{"embeddable":true,"href":"https:\/\/www.signaletique-image-design.com\/index.php?rest_route=%2Fwp%2Fv2%2Fcomments&post=357"}],"version-history":[{"count":0,"href":"https:\/\/www.signaletique-image-design.com\/index.php?rest_route=\/wp\/v2\/pages\/357\/revisions"}],"wp:featuredmedia":[{"embeddable":true,"href":"https:\/\/www.signaletique-image-design.com\/index.php?rest_route=\/wp\/v2\/media\/1273"}],"wp:attachment":[{"href":"https:\/\/www.signaletique-image-design.com\/index.php?rest_route=%2Fwp%2Fv2%2Fmedia&parent=357"}],"curies":[{"name":"wp","href":"https:\/\/api.w.org\/{rel}","templated":true}]}}