{"id":365,"date":"2016-07-16T17:15:32","date_gmt":"2016-07-16T17:15:32","guid":{"rendered":"https:\/\/www.signaletique-image-design.com\/?page_id=365"},"modified":"2020-05-01T19:06:51","modified_gmt":"2020-05-01T18:06:51","slug":"le-flocage","status":"publish","type":"page","link":"https:\/\/www.signaletique-image-design.com\/?page_id=365","title":{"rendered":"LE FLOCAGE"},"content":{"rendered":"<p>Le flocage n\u00e9cessite deux principaux outils que sont <strong>le plotter et la presse<\/strong>.<\/p>\n<p>Le <em><strong>FLEX mati\u00e8re lisse <\/strong><\/em>ou<em><strong> le FLOCK mati\u00e8re velours<\/strong><\/em> se pr\u00e9sentent sous forme de rouleau qu\u2019il faut d\u00e9couper \u00e0 l\u2019aide d\u2019un plotter pour obtenir les formes ou le lettrage souhait\u00e9. L\u2019\u00e9tape qui suit est <strong>l\u2019\u00e9chenillage<\/strong> : \u00e0 l\u2019aide d\u2019une pince \u00e0 \u00e9cheniller, on retire tout l\u2019adh\u00e9sif pr\u00e9sent autour du logo. Ce travail est fait main et n\u00e9cessite une certaine dext\u00e9rit\u00e9 !<br \/>\nLa derni\u00e8re \u00e9tape consiste \u00e0 thermo-coller le logo sur le textile \u00e0 l\u2019aide d\u2019une <strong>presse<\/strong> qui permet, en chauffant, de transf\u00e9rer le logo sur le textile enduit de colle.<\/p>\n<p>Le flocage est une technique d\u2019impression\u00a0<strong> robuste<\/strong>, sa r\u00e9sistance aux lavages et la tenue de ses couleurs fait d\u2019elle\u00a0la technique de marquage <strong>privil\u00e9gi\u00e9e pour les tee-shirt et maillots de sports<\/strong>.<\/p>\n<p>Les avantages sont multiples : dur\u00e9e de vie, r\u00e9siste aux lavages, plusieurs couleurs disponibles. Pour les inconv\u00e9nients, on peut noter que le projet est limit\u00e9 \u00e0 une couleur d&#8217;impression, pas de d\u00e9grad\u00e9, ( possibilit\u00e9 de faire une impression avec 3 couleurs ), impossible de faire des logos de petites tailles<\/p>\n<p style=\"text-align: center;\"><img loading=\"lazy\" class=\"alignnone size-large wp-image-1276\" src=\"https:\/\/www.signaletique-image-design.com\/wp-content\/uploads\/2016\/07\/tee-shirt-floc-1024x825.jpeg\" alt=\"tee-shirt floc\" width=\"640\" height=\"516\" srcset=\"https:\/\/www.signaletique-image-design.com\/wp-content\/uploads\/2016\/07\/tee-shirt-floc-1024x825.jpeg 1024w, https:\/\/www.signaletique-image-design.com\/wp-content\/uploads\/2016\/07\/tee-shirt-floc-300x242.jpeg 300w, https:\/\/www.signaletique-image-design.com\/wp-content\/uploads\/2016\/07\/tee-shirt-floc-768x619.jpeg 768w, https:\/\/www.signaletique-image-design.com\/wp-content\/uploads\/2016\/07\/tee-shirt-floc-350x282.jpeg 350w, https:\/\/www.signaletique-image-design.com\/wp-content\/uploads\/2016\/07\/tee-shirt-floc-700x564.jpeg 700w, https:\/\/www.signaletique-image-design.com\/wp-content\/uploads\/2016\/07\/tee-shirt-floc.jpeg 1519w\" sizes=\"(max-width: 640px) 100vw, 640px\" \/><\/p>\n","protected":false},"excerpt":{"rendered":"<p>Le flocage n\u00e9cessite deux principaux outils que sont le plotter et la presse. Le FLEX mati\u00e8re lisse ou le FLOCK&hellip;<\/p>\n","protected":false},"author":2,"featured_media":1277,"parent":0,"menu_order":0,"comment_status":"closed","ping_status":"closed","template":"","meta":[],"_links":{"self":[{"href":"https:\/\/www.signaletique-image-design.com\/index.php?rest_route=\/wp\/v2\/pages\/365"}],"collection":[{"href":"https:\/\/www.signaletique-image-design.com\/index.php?rest_route=\/wp\/v2\/pages"}],"about":[{"href":"https:\/\/www.signaletique-image-design.com\/index.php?rest_route=\/wp\/v2\/types\/page"}],"author":[{"embeddable":true,"href":"https:\/\/www.signaletique-image-design.com\/index.php?rest_route=\/wp\/v2\/users\/2"}],"replies":[{"embeddable":true,"href":"https:\/\/www.signaletique-image-design.com\/index.php?rest_route=%2Fwp%2Fv2%2Fcomments&post=365"}],"version-history":[{"count":0,"href":"https:\/\/www.signaletique-image-design.com\/index.php?rest_route=\/wp\/v2\/pages\/365\/revisions"}],"wp:featuredmedia":[{"embeddable":true,"href":"https:\/\/www.signaletique-image-design.com\/index.php?rest_route=\/wp\/v2\/media\/1277"}],"wp:attachment":[{"href":"https:\/\/www.signaletique-image-design.com\/index.php?rest_route=%2Fwp%2Fv2%2Fmedia&parent=365"}],"curies":[{"name":"wp","href":"https:\/\/api.w.org\/{rel}","templated":true}]}}