{"id":50,"date":"2016-02-13T02:17:52","date_gmt":"2016-02-13T02:17:52","guid":{"rendered":"https:\/\/www.signaletique-image-design.com\/?page_id=50"},"modified":"2022-05-11T19:21:49","modified_gmt":"2022-05-11T17:21:49","slug":"objets-publicitaires","status":"publish","type":"page","link":"https:\/\/www.signaletique-image-design.com\/?page_id=50","title":{"rendered":"OBJETS PUBLICITAIRES"},"content":{"rendered":"<h4><a href=\"https:\/\/www.signaletique-image-design.com\/?page_id=1656\">Stylos<\/a><\/h4>\n<hr \/>\n<h2><em><strong>L&#8217;objet publicitaire est un m\u00e9dia \u00e0 part enti\u00e8re, il permet de v\u00e9hiculer une image ou un message d&#8217;une mani\u00e8re cibl\u00e9 et efficace. <\/strong><\/em><em><strong>Il peut-\u00eatre r\u00e9alis\u00e9 sur divers supports<\/strong><\/em><\/h2>\n<p><em><strong>POUR TOUS VOS EVENEMENTS, UNE LARGE GAMME DE VERRES A PERSONNALISER<\/strong><\/em><\/p>\n<p><a href=\"https:\/\/www.signaletique-image-design.com\/?page_id=887\"><img loading=\"lazy\" class=\"aligncenter wp-image-890 size-large\" src=\"https:\/\/www.signaletique-image-design.com\/wp-content\/uploads\/2016\/02\/vignette-art-table-1024x731.jpeg\" alt=\"vignette art table\" width=\"640\" height=\"457\" srcset=\"https:\/\/www.signaletique-image-design.com\/wp-content\/uploads\/2016\/02\/vignette-art-table-1024x731.jpeg 1024w, https:\/\/www.signaletique-image-design.com\/wp-content\/uploads\/2016\/02\/vignette-art-table-300x214.jpeg 300w, https:\/\/www.signaletique-image-design.com\/wp-content\/uploads\/2016\/02\/vignette-art-table-768x548.jpeg 768w, https:\/\/www.signaletique-image-design.com\/wp-content\/uploads\/2016\/02\/vignette-art-table-350x250.jpeg 350w, https:\/\/www.signaletique-image-design.com\/wp-content\/uploads\/2016\/02\/vignette-art-table-700x500.jpeg 700w, https:\/\/www.signaletique-image-design.com\/wp-content\/uploads\/2016\/02\/vignette-art-table.jpeg 1301w\" sizes=\"(max-width: 640px) 100vw, 640px\" \/><\/a><\/p>\n<p><em><strong>PORTE-CL\u00c9S, STYLOS, BRIQUETS, MUGS, CL\u00c9S USB, DOMING, &#8230;&#8230;. <\/strong><strong>Contactez nous , il y a s\u00fbrement un goodies qui vous correspond, montrez vous !!!<\/strong><\/em><\/p>\n<p><a href=\"http:\/\/www.promo-goods.net\/fr\/\"><img loading=\"lazy\" class=\"alignnone size-full wp-image-1944\" src=\"https:\/\/www.signaletique-image-design.com\/wp-content\/uploads\/2016\/02\/vignettes_catalogue_Goodies.png\" alt=\"\" width=\"933\" height=\"667\" srcset=\"https:\/\/www.signaletique-image-design.com\/wp-content\/uploads\/2016\/02\/vignettes_catalogue_Goodies.png 933w, https:\/\/www.signaletique-image-design.com\/wp-content\/uploads\/2016\/02\/vignettes_catalogue_Goodies-300x214.png 300w, https:\/\/www.signaletique-image-design.com\/wp-content\/uploads\/2016\/02\/vignettes_catalogue_Goodies-768x549.png 768w, https:\/\/www.signaletique-image-design.com\/wp-content\/uploads\/2016\/02\/vignettes_catalogue_Goodies-350x250.png 350w, https:\/\/www.signaletique-image-design.com\/wp-content\/uploads\/2016\/02\/vignettes_catalogue_Goodies-700x500.png 700w\" sizes=\"(max-width: 933px) 100vw, 933px\" \/><\/a><\/p>\n<h2 style=\"text-align: center;\"><em><strong>Vous n&#8217;avez pas d&#8217;id\u00e9es ou trouv\u00e9 le goodies qui vous convient ? <\/strong><\/em><\/h2>\n<h2 style=\"text-align: center;\"><em><strong>N&#8217;h\u00e9sitez pas \u00e0 nous contacter, sourcing \u00e0 la demande<\/strong><\/em><\/h2>\n<p><a href=\"https:\/\/www.signaletique-image-design.com\/?page_id=58\" target=\"_blank\" rel=\"noopener\"><img loading=\"lazy\" class=\"alignnone wp-image-1235 size-full aligncenter\" src=\"https:\/\/www.signaletique-image-design.com\/wp-content\/uploads\/2020\/05\/contact2.jpg\" alt=\"contact2\" width=\"346\" height=\"346\" \/><\/a><\/p>\n<p><strong>\u00a0<\/strong><\/p>\n","protected":false},"excerpt":{"rendered":"<p>Stylos L&#8217;objet publicitaire est un m\u00e9dia \u00e0 part enti\u00e8re, il permet de v\u00e9hiculer une image ou un message d&#8217;une mani\u00e8re&hellip;<\/p>\n","protected":false},"author":2,"featured_media":0,"parent":0,"menu_order":3,"comment_status":"closed","ping_status":"closed","template":"","meta":[],"_links":{"self":[{"href":"https:\/\/www.signaletique-image-design.com\/index.php?rest_route=\/wp\/v2\/pages\/50"}],"collection":[{"href":"https:\/\/www.signaletique-image-design.com\/index.php?rest_route=\/wp\/v2\/pages"}],"about":[{"href":"https:\/\/www.signaletique-image-design.com\/index.php?rest_route=\/wp\/v2\/types\/page"}],"author":[{"embeddable":true,"href":"https:\/\/www.signaletique-image-design.com\/index.php?rest_route=\/wp\/v2\/users\/2"}],"replies":[{"embeddable":true,"href":"https:\/\/www.signaletique-image-design.com\/index.php?rest_route=%2Fwp%2Fv2%2Fcomments&post=50"}],"version-history":[{"count":1,"href":"https:\/\/www.signaletique-image-design.com\/index.php?rest_route=\/wp\/v2\/pages\/50\/revisions"}],"predecessor-version":[{"id":2037,"href":"https:\/\/www.signaletique-image-design.com\/index.php?rest_route=\/wp\/v2\/pages\/50\/revisions\/2037"}],"wp:attachment":[{"href":"https:\/\/www.signaletique-image-design.com\/index.php?rest_route=%2Fwp%2Fv2%2Fmedia&parent=50"}],"curies":[{"name":"wp","href":"https:\/\/api.w.org\/{rel}","templated":true}]}}