{"id":52,"date":"2016-02-13T02:18:52","date_gmt":"2016-02-13T02:18:52","guid":{"rendered":"https:\/\/www.signaletique-image-design.com\/?page_id=52"},"modified":"2022-05-18T18:24:01","modified_gmt":"2022-05-18T16:24:01","slug":"marquage-textiles","status":"publish","type":"page","link":"https:\/\/www.signaletique-image-design.com\/?page_id=52","title":{"rendered":"LE TEXTILE"},"content":{"rendered":"<hr \/>\n<hr \/>\n<p style=\"text-align: center;\"><em><strong><a title=\"MAILLOTS\" href=\"https:\/\/www.signaletique-image-design.com\/?page_id=2049\">Maillot personnalis\u00e9<\/a> \u00a0\u00a0\u00a0 Tee-Shirts\u00a0\u00a0\u00a0\u00a0\u00a0 Polos\u00a0\u00a0\u00a0\u00a0\u00a0 Sweat-Shirts \u00a0 <a title=\"COUPE \u2013 VENT\" href=\"https:\/\/www.signaletique-image-design.com\/?page_id=2052\">Coupe-Vent personnalis\u00e9<\/a>\u00a0 \u00a0\u00a0 Polaires\u00a0\u00a0\u00a0\u00a0\u00a0 <a title=\"SOFTSHELL\" href=\"https:\/\/www.signaletique-image-design.com\/?page_id=2056\">Softshell personnalis\u00e9<\/a> \u00a0\u00a0\u00a0\u00a0 Bodywarmers\u00a0\u00a0\u00a0\u00a0\u00a0 Casquettes\u00a0\u00a0\u00a0\u00a0\u00a0 Corporate \u00a0\u00a0\u00a0\u00a0 workwear \u00a0\u00a0\u00a0\u00a0 Tenues Pro \u00a0\u00a0\u00a0\u00a0 <a href=\"https:\/\/www.signaletique-image-design.com\/?page_id=1813\">EPI<\/a> \u00a0 \u00a0 \u00a0 <a href=\"https:\/\/www.signaletique-image-design.com\/?page_id=1018\">Nos Cr\u00e9ations<\/a><\/strong><\/em><\/p>\n<hr \/>\n<hr \/>\n<h5><strong>Liste des produits non exhaustive, sourcing \u00e0 la demande, n&#8217;h\u00e9sitez pas \u00e0 nous contacter. <\/strong><\/h5>\n<h3><strong>Tous nos produits sont personnalisables suivant la m\u00e9thode de votre choix <a href=\"https:\/\/www.signaletique-image-design.com\/?page_id=1252&amp;preview=true\"><img loading=\"lazy\" class=\"https:\/\/www.signaletique-image-design.com\/?page_id=965 alignnone wp-image-1248 size-full\" src=\"https:\/\/www.signaletique-image-design.com\/wp-content\/uploads\/2020\/05\/unnamed-e1588349478175.png\" alt=\"unnamed\" width=\"85\" height=\"34\" \/><\/a><br \/>\n<\/strong><\/h3>\n<h4><em><strong>Nous sommes sp\u00e9cialis\u00e9s dans la sublimation sur textiles techniques 100% personnalisable.<\/strong><\/em><strong><a title=\"LA SUBLIMATION 100% PERSONNALIS\u00c9E\" href=\"https:\/\/www.signaletique-image-design.com\/?page_id=297\"><img loading=\"lazy\" class=\"https:\/\/www.signaletique-image-design.com\/?page_id=965 alignnone wp-image-1248 size-full\" src=\"https:\/\/www.signaletique-image-design.com\/wp-content\/uploads\/2020\/05\/unnamed-e1588349478175.png\" alt=\"unnamed\" width=\"85\" height=\"34\" \/><\/a><\/strong><\/h4>\n<p><a title=\"LA BOUTIQUE SPORTS\" href=\"https:\/\/www.signaletique-image-design.com\/?page_id=2061\"><img loading=\"lazy\" class=\"alignnone size-full wp-image-1992\" src=\"https:\/\/www.signaletique-image-design.com\/wp-content\/uploads\/2016\/02\/boutique_sports-1.png\" alt=\"\" width=\"959\" height=\"969\" srcset=\"https:\/\/www.signaletique-image-design.com\/wp-content\/uploads\/2016\/02\/boutique_sports-1.png 959w, https:\/\/www.signaletique-image-design.com\/wp-content\/uploads\/2016\/02\/boutique_sports-1-297x300.png 297w, https:\/\/www.signaletique-image-design.com\/wp-content\/uploads\/2016\/02\/boutique_sports-1-768x776.png 768w, https:\/\/www.signaletique-image-design.com\/wp-content\/uploads\/2016\/02\/boutique_sports-1-350x354.png 350w, https:\/\/www.signaletique-image-design.com\/wp-content\/uploads\/2016\/02\/boutique_sports-1-700x707.png 700w\" sizes=\"(max-width: 959px) 100vw, 959px\" \/><\/a><\/p>\n<p><a href=\"https:\/\/www.signaletique-image-design.com\/?page_id=1813\"><img loading=\"lazy\" class=\"size-large wp-image-1994 alignnone\" src=\"https:\/\/www.signaletique-image-design.com\/wp-content\/uploads\/2016\/02\/boutique_industrie-1017x1024.png\" alt=\"\" width=\"940\" height=\"946\" srcset=\"https:\/\/www.signaletique-image-design.com\/wp-content\/uploads\/2016\/02\/boutique_industrie-1017x1024.png 1017w, https:\/\/www.signaletique-image-design.com\/wp-content\/uploads\/2016\/02\/boutique_industrie-298x300.png 298w, https:\/\/www.signaletique-image-design.com\/wp-content\/uploads\/2016\/02\/boutique_industrie-150x150.png 150w, https:\/\/www.signaletique-image-design.com\/wp-content\/uploads\/2016\/02\/boutique_industrie-768x773.png 768w, https:\/\/www.signaletique-image-design.com\/wp-content\/uploads\/2016\/02\/boutique_industrie-350x352.png 350w, https:\/\/www.signaletique-image-design.com\/wp-content\/uploads\/2016\/02\/boutique_industrie-700x704.png 700w, https:\/\/www.signaletique-image-design.com\/wp-content\/uploads\/2016\/02\/boutique_industrie.png 1089w\" sizes=\"(max-width: 940px) 100vw, 940px\" \/><\/a><\/p>\n<p><a href=\"https:\/\/www.signaletique-image-design.com\/?page_id=58\"><img loading=\"lazy\" class=\"wp-image-1235 size-full aligncenter\" src=\"https:\/\/www.signaletique-image-design.com\/wp-content\/uploads\/2020\/05\/contact2.jpg\" alt=\"contact2\" width=\"346\" height=\"346\" \/><\/a><\/p>\n<p style=\"text-align: center;\"><span style=\"color: #0000ff;\"><em><strong><br \/>\n<\/strong> <\/em><\/span><\/p>\n<h5><\/h5>\n","protected":false},"excerpt":{"rendered":"<p>Maillot personnalis\u00e9 \u00a0\u00a0\u00a0 Tee-Shirts\u00a0\u00a0\u00a0\u00a0\u00a0 Polos\u00a0\u00a0\u00a0\u00a0\u00a0 Sweat-Shirts \u00a0 Coupe-Vent personnalis\u00e9\u00a0 \u00a0\u00a0 Polaires\u00a0\u00a0\u00a0\u00a0\u00a0 Softshell personnalis\u00e9 \u00a0\u00a0\u00a0\u00a0 Bodywarmers\u00a0\u00a0\u00a0\u00a0\u00a0 Casquettes\u00a0\u00a0\u00a0\u00a0\u00a0 Corporate \u00a0\u00a0\u00a0\u00a0 workwear \u00a0\u00a0\u00a0\u00a0&hellip;<\/p>\n","protected":false},"author":2,"featured_media":0,"parent":0,"menu_order":0,"comment_status":"closed","ping_status":"closed","template":"","meta":[],"_links":{"self":[{"href":"https:\/\/www.signaletique-image-design.com\/index.php?rest_route=\/wp\/v2\/pages\/52"}],"collection":[{"href":"https:\/\/www.signaletique-image-design.com\/index.php?rest_route=\/wp\/v2\/pages"}],"about":[{"href":"https:\/\/www.signaletique-image-design.com\/index.php?rest_route=\/wp\/v2\/types\/page"}],"author":[{"embeddable":true,"href":"https:\/\/www.signaletique-image-design.com\/index.php?rest_route=\/wp\/v2\/users\/2"}],"replies":[{"embeddable":true,"href":"https:\/\/www.signaletique-image-design.com\/index.php?rest_route=%2Fwp%2Fv2%2Fcomments&post=52"}],"version-history":[{"count":3,"href":"https:\/\/www.signaletique-image-design.com\/index.php?rest_route=\/wp\/v2\/pages\/52\/revisions"}],"predecessor-version":[{"id":2098,"href":"https:\/\/www.signaletique-image-design.com\/index.php?rest_route=\/wp\/v2\/pages\/52\/revisions\/2098"}],"wp:attachment":[{"href":"https:\/\/www.signaletique-image-design.com\/index.php?rest_route=%2Fwp%2Fv2%2Fmedia&parent=52"}],"curies":[{"name":"wp","href":"https:\/\/api.w.org\/{rel}","templated":true}]}}