{"id":54,"date":"2016-02-13T02:19:11","date_gmt":"2016-02-13T02:19:11","guid":{"rendered":"https:\/\/www.signaletique-image-design.com\/?page_id=54"},"modified":"2022-05-12T10:59:54","modified_gmt":"2022-05-12T08:59:54","slug":"signaletique","status":"publish","type":"page","link":"https:\/\/www.signaletique-image-design.com\/?page_id=54","title":{"rendered":"SIGNAL\u00c9TIQUE &#8211; IMPRIMERIE"},"content":{"rendered":"<hr \/>\n<p style=\"text-align: center;\"><em><strong>\u00a0<\/strong><\/em><\/p>\n<p style=\"text-align: center;\"><strong>Nous<\/strong><em><strong> r\u00e9alisons tout travaux de signal\u00e9tique, int\u00e9rieure \/ ext\u00e9rieure et d&#8217;imprimerie.<br \/>\n<\/strong><\/em><\/p>\n<hr \/>\n<p style=\"text-align: center;\"><em><strong><a href=\"https:\/\/www.signaletique-image-design.com\/?page_id=1291\" target=\"_blank\" rel=\"noopener\">SIGNAL\u00c9TIQUE<\/a>\u00a0\u00a0\u00a0\u00a0\u00a0 \u00a0\u00a0\u00a0\u00a0\u00a0\u00a0\u00a0\u00a0\u00a0\u00a0 <a href=\"https:\/\/www.signaletique-image-design.com\/?page_id=48\" target=\"_blank\" rel=\"noopener\">IMPRIMERIE<\/a>\u00a0\u00a0<\/strong><\/em><\/p>\n<hr \/>\n<p><a href=\"https:\/\/www.signaletique-image-design.com\/?page_id=1291\"><img loading=\"lazy\" class=\"size-full wp-image-2005 aligncenter\" src=\"https:\/\/www.signaletique-image-design.com\/wp-content\/uploads\/2016\/02\/boutique_Signale\u0301tique.png\" alt=\"\" width=\"632\" height=\"870\" srcset=\"https:\/\/www.signaletique-image-design.com\/wp-content\/uploads\/2016\/02\/boutique_Signale\u0301tique.png 632w, https:\/\/www.signaletique-image-design.com\/wp-content\/uploads\/2016\/02\/boutique_Signale\u0301tique-218x300.png 218w, https:\/\/www.signaletique-image-design.com\/wp-content\/uploads\/2016\/02\/boutique_Signale\u0301tique-350x482.png 350w\" sizes=\"(max-width: 632px) 100vw, 632px\" \/><\/a><\/p>\n<p><a href=\"https:\/\/www.signaletique-image-design.com\/?page_id=48\"><img loading=\"lazy\" class=\"size-full wp-image-2007 aligncenter\" src=\"https:\/\/www.signaletique-image-design.com\/wp-content\/uploads\/2016\/02\/boutique-imprimerie.png\" alt=\"\" width=\"630\" height=\"861\" srcset=\"https:\/\/www.signaletique-image-design.com\/wp-content\/uploads\/2016\/02\/boutique-imprimerie.png 630w, https:\/\/www.signaletique-image-design.com\/wp-content\/uploads\/2016\/02\/boutique-imprimerie-220x300.png 220w, https:\/\/www.signaletique-image-design.com\/wp-content\/uploads\/2016\/02\/boutique-imprimerie-350x478.png 350w\" sizes=\"(max-width: 630px) 100vw, 630px\" \/><\/a><\/p>\n<h4 style=\"text-align: center;\">E<strong>nseigne Totem, Oriflamme, bache tendue, m\u00e2t et latte<\/strong><\/h4>\n<h4 style=\"text-align: center;\"><strong>Stand Parapluie, Roll-up, Kakemono<\/strong><\/h4>\n<p style=\"text-align: center;\"><strong>Impression\u00a0sur Dibon ( alu ), Akilux ( PVC alv\u00e9ol\u00e9)<\/strong><\/p>\n<p style=\"text-align: center;\"><strong>Impression sur Plexi (int\u00e9rieur, ext\u00e9rieur)<\/strong><\/p>\n<p style=\"text-align: center;\"><strong>Impression sur b\u00e2che PVC<\/strong><\/p>\n<p style=\"text-align: center;\"><strong>Signal\u00e9tique V\u00e9hicule, Magn\u00e9tique, PVC, D\u00e9coupe de lettres<\/strong><\/p>\n<p style=\"text-align: center;\"><strong>Signal\u00e9tique int\u00e9rieure des locaux, plaque de porte,<\/strong><\/p>\n<p style=\"text-align: center;\"><strong>Signal\u00e9tique Panneaux, Pictogrammes pour l&#8217;accessibilit\u00e9 Handicap\u00e9s<\/strong><\/p>\n<p style=\"text-align: center;\"><em><strong>N&#8217;h\u00e9sitez pas \u00e0 nous contacter pour toutes autres demandes<\/strong><\/em><\/p>\n<p style=\"text-align: center;\"><strong>Travaux imprimerie &#8211; <\/strong><strong>Autocollant, Sticker &#8211; cartes de visites<\/strong><\/p>\n<p><a href=\"https:\/\/www.signaletique-image-design.com\/?page_id=58\" target=\"_blank\" rel=\"noopener\"><img loading=\"lazy\" class=\"alignnone wp-image-1235 size-full aligncenter\" src=\"https:\/\/www.signaletique-image-design.com\/wp-content\/uploads\/2020\/05\/contact2.jpg\" alt=\"contact2\" width=\"346\" height=\"346\" \/><\/a><\/p>\n<h1 style=\"text-align: center;\"><em><strong>\u00a0<\/strong><\/em><\/h1>\n","protected":false},"excerpt":{"rendered":"<p>\u00a0 Nous r\u00e9alisons tout travaux de signal\u00e9tique, int\u00e9rieure \/ ext\u00e9rieure et d&#8217;imprimerie. SIGNAL\u00c9TIQUE\u00a0\u00a0\u00a0\u00a0\u00a0 \u00a0\u00a0\u00a0\u00a0\u00a0\u00a0\u00a0\u00a0\u00a0\u00a0 IMPRIMERIE\u00a0\u00a0 Enseigne Totem, Oriflamme, bache tendue,&hellip;<\/p>\n","protected":false},"author":2,"featured_media":0,"parent":0,"menu_order":5,"comment_status":"closed","ping_status":"closed","template":"","meta":[],"_links":{"self":[{"href":"https:\/\/www.signaletique-image-design.com\/index.php?rest_route=\/wp\/v2\/pages\/54"}],"collection":[{"href":"https:\/\/www.signaletique-image-design.com\/index.php?rest_route=\/wp\/v2\/pages"}],"about":[{"href":"https:\/\/www.signaletique-image-design.com\/index.php?rest_route=\/wp\/v2\/types\/page"}],"author":[{"embeddable":true,"href":"https:\/\/www.signaletique-image-design.com\/index.php?rest_route=\/wp\/v2\/users\/2"}],"replies":[{"embeddable":true,"href":"https:\/\/www.signaletique-image-design.com\/index.php?rest_route=%2Fwp%2Fv2%2Fcomments&post=54"}],"version-history":[{"count":3,"href":"https:\/\/www.signaletique-image-design.com\/index.php?rest_route=\/wp\/v2\/pages\/54\/revisions"}],"predecessor-version":[{"id":2040,"href":"https:\/\/www.signaletique-image-design.com\/index.php?rest_route=\/wp\/v2\/pages\/54\/revisions\/2040"}],"wp:attachment":[{"href":"https:\/\/www.signaletique-image-design.com\/index.php?rest_route=%2Fwp%2Fv2%2Fmedia&parent=54"}],"curies":[{"name":"wp","href":"https:\/\/api.w.org\/{rel}","templated":true}]}}